{"id":3444,"date":"2015-05-17T15:48:58","date_gmt":"2015-05-17T13:48:58","guid":{"rendered":"http:\/\/www.peteroehen.ch\/site\/?page_id=3444"},"modified":"2015-05-18T13:49:30","modified_gmt":"2015-05-18T11:49:30","slug":"unserearbeiten","status":"publish","type":"page","link":"https:\/\/www.peteroehen.ch\/?page_id=3444","title":{"rendered":"Unsere Arbeiten"},"content":{"rendered":"<div  style='padding-bottom:10px; ' class='av-special-heading av-special-heading-h3    avia-builder-el-0  el_before_av_portfolio  avia-builder-el-no-sibling  '><h3 class='av-special-heading-tag '  itemprop=\"headline\"  >Ein Auszug unserer Arbeiten<\/h3><div class='special-heading-border'><div class='special-heading-inner-border' ><\/div><\/div><\/div>\n<div  id=\"av-sc-portfolio-1\"  class=\"av-portfolio-grid-sorting-container\"><div class='sort_width_container  av-sort-yes' data-portfolio-id='1' ><div id='js_sort_items' ><div class='sort_by_cat  '><a href=\"#\" data-filter=\"all_sort\" class=\"all_sort_button active_sort\"><span class=\"inner_sort_button\"><span>Alle<\/span><small class=\"av-cat-count\"> 10 <\/small><\/span><\/a><span class='text-sep gebaeude_sort_sep'>\/<\/span><a href=\"#\" data-filter=\"gebaeude_sort\" class=\"gebaeude_sort_button\" ><span class=\"inner_sort_button\"><span>Geb\u00e4ude<\/span><small class='av-cat-count'> 1 <\/small><\/span><\/a><span class='text-sep innenausbau_sort_sep'>\/<\/span><a href=\"#\" data-filter=\"innenausbau_sort\" class=\"innenausbau_sort_button\" ><span class=\"inner_sort_button\"><span>Innenausbau<\/span><small class='av-cat-count'> 1 <\/small><\/span><\/a><\/div><\/div><\/div><div  class=' grid-sort-container isotope   no_margin-container with-excerpt-container grid-total-even grid-col-3 grid-links-' data-portfolio-id='1'><div data-ajax-id='3864' class=' grid-entry flex_column isotope-item all_sort no_margin post-entry post-entry-3864 grid-entry-overview grid-loop-1 grid-parity-odd  gebaeude_sort innenausbau_sort  av_one_third first default_av_fullwidth '><article class='main_color inner-entry'  itemscope=\"itemscope\" itemtype=\"https:\/\/schema.org\/CreativeWork\" ><a href='https:\/\/www.peteroehen.ch\/?portfolio=anbau-bauernhaus' title='Anbau Bauernhaus'  data-rel='grid-1' class='grid-image avia-hover-fx'> <img decoding=\"async\" width=\"495\" height=\"400\" src=\"https:\/\/www.peteroehen.ch\/wp-content\/uploads\/2015\/12\/Aussen2-495x400.jpg\" class=\"wp-image-3866 avia-img-lazy-loading-not-3866 attachment-portfolio size-portfolio wp-post-image\" alt=\"\" srcset=\"https:\/\/www.peteroehen.ch\/wp-content\/uploads\/2015\/12\/Aussen2-495x400.jpg 495w, https:\/\/www.peteroehen.ch\/wp-content\/uploads\/2015\/12\/Aussen2-845x684.jpg 845w\" sizes=\"(max-width: 495px) 100vw, 495px\" \/><\/a><div class='grid-content'><div class='avia-arrow'><\/div><header class=\"entry-content-header\"><h3 class='grid-entry-title entry-title '  itemprop=\"headline\" ><a href='https:\/\/www.peteroehen.ch\/?portfolio=anbau-bauernhaus' title='Anbau Bauernhaus'>Anbau Bauernhaus<\/a><\/h3><\/header><\/div><footer class=\"entry-footer\"><\/footer><\/article><\/div><div data-ajax-id='3693' class=' grid-entry flex_column isotope-item all_sort no_margin post-entry post-entry-3693 grid-entry-overview grid-loop-2 grid-parity-even   av_one_third  default_av_fullwidth '><article class='main_color inner-entry'  itemscope=\"itemscope\" itemtype=\"https:\/\/schema.org\/CreativeWork\" ><a href='https:\/\/www.peteroehen.ch\/?portfolio=wohnung-3-3' title='Wohnung Steinmauer'  data-rel='grid-1' class='grid-image avia-hover-fx'> <img decoding=\"async\" width=\"495\" height=\"400\" src=\"https:\/\/www.peteroehen.ch\/wp-content\/uploads\/2015\/05\/DSC_0324a-495x400.jpg\" class=\"wp-image-3725 avia-img-lazy-loading-not-3725 attachment-portfolio size-portfolio wp-post-image\" alt=\"\" srcset=\"https:\/\/www.peteroehen.ch\/wp-content\/uploads\/2015\/05\/DSC_0324a-495x400.jpg 495w, https:\/\/www.peteroehen.ch\/wp-content\/uploads\/2015\/05\/DSC_0324a-845x684.jpg 845w\" sizes=\"(max-width: 495px) 100vw, 495px\" \/><\/a><div class='grid-content'><div class='avia-arrow'><\/div><header class=\"entry-content-header\"><h3 class='grid-entry-title entry-title '  itemprop=\"headline\" ><a href='https:\/\/www.peteroehen.ch\/?portfolio=wohnung-3-3' title='Wohnung Steinmauer'>Wohnung Steinmauer<\/a><\/h3><\/header><\/div><footer class=\"entry-footer\"><\/footer><\/article><\/div><div data-ajax-id='3552' class=' grid-entry flex_column isotope-item all_sort no_margin post-entry post-entry-3552 grid-entry-overview grid-loop-3 grid-parity-odd   av_one_third  default_av_fullwidth '><article class='main_color inner-entry'  itemscope=\"itemscope\" itemtype=\"https:\/\/schema.org\/CreativeWork\" ><a href='https:\/\/www.peteroehen.ch\/?portfolio=wohnung-2' title='Wohnung Rustico'  data-rel='grid-1' class='grid-image avia-hover-fx'> <img decoding=\"async\" width=\"495\" height=\"400\" src=\"https:\/\/www.peteroehen.ch\/wp-content\/uploads\/2015\/05\/DSC_0112a-495x400.jpg\" class=\"wp-image-3563 avia-img-lazy-loading-not-3563 attachment-portfolio size-portfolio wp-post-image\" alt=\"\" srcset=\"https:\/\/www.peteroehen.ch\/wp-content\/uploads\/2015\/05\/DSC_0112a-495x400.jpg 495w, https:\/\/www.peteroehen.ch\/wp-content\/uploads\/2015\/05\/DSC_0112a-845x684.jpg 845w\" sizes=\"(max-width: 495px) 100vw, 495px\" \/><\/a><div class='grid-content'><div class='avia-arrow'><\/div><header class=\"entry-content-header\"><h3 class='grid-entry-title entry-title '  itemprop=\"headline\" ><a href='https:\/\/www.peteroehen.ch\/?portfolio=wohnung-2' title='Wohnung Rustico'>Wohnung Rustico<\/a><\/h3><\/header><\/div><footer class=\"entry-footer\"><\/footer><\/article><\/div><div data-ajax-id='3534' class=' grid-entry flex_column isotope-item all_sort no_margin post-entry post-entry-3534 grid-entry-overview grid-loop-4 grid-parity-even   av_one_third first default_av_fullwidth '><article class='main_color inner-entry'  itemscope=\"itemscope\" itemtype=\"https:\/\/schema.org\/CreativeWork\" ><a href='https:\/\/www.peteroehen.ch\/?portfolio=wohnung-1' title='Wohnung Ambiente'  data-rel='grid-1' class='grid-image avia-hover-fx'> <img decoding=\"async\" width=\"495\" height=\"400\" src=\"https:\/\/www.peteroehen.ch\/wp-content\/uploads\/2015\/05\/DSC_0034a-495x400.jpg\" class=\"wp-image-3547 avia-img-lazy-loading-not-3547 attachment-portfolio size-portfolio wp-post-image\" alt=\"\" srcset=\"https:\/\/www.peteroehen.ch\/wp-content\/uploads\/2015\/05\/DSC_0034a-495x400.jpg 495w, https:\/\/www.peteroehen.ch\/wp-content\/uploads\/2015\/05\/DSC_0034a-845x684.jpg 845w\" sizes=\"(max-width: 495px) 100vw, 495px\" \/><\/a><div class='grid-content'><div class='avia-arrow'><\/div><header class=\"entry-content-header\"><h3 class='grid-entry-title entry-title '  itemprop=\"headline\" ><a href='https:\/\/www.peteroehen.ch\/?portfolio=wohnung-1' title='Wohnung Ambiente'>Wohnung Ambiente<\/a><\/h3><\/header><\/div><footer class=\"entry-footer\"><\/footer><\/article><\/div><div data-ajax-id='3412' class=' grid-entry flex_column isotope-item all_sort no_margin post-entry post-entry-3412 grid-entry-overview grid-loop-5 grid-parity-odd   av_one_third  default_av_fullwidth '><article class='main_color inner-entry'  itemscope=\"itemscope\" itemtype=\"https:\/\/schema.org\/CreativeWork\" ><a href='https:\/\/www.peteroehen.ch\/?portfolio=ausgebaute-scheune' title='Ausgebaute Scheune'  data-rel='grid-1' class='grid-image avia-hover-fx'> <img decoding=\"async\" width=\"495\" height=\"400\" src=\"https:\/\/www.peteroehen.ch\/wp-content\/uploads\/2015\/05\/DSC_0065-1024x681-495x400.jpg\" class=\"wp-image-3422 avia-img-lazy-loading-not-3422 attachment-portfolio size-portfolio wp-post-image\" alt=\"\" srcset=\"https:\/\/www.peteroehen.ch\/wp-content\/uploads\/2015\/05\/DSC_0065-1024x681-495x400.jpg 495w, https:\/\/www.peteroehen.ch\/wp-content\/uploads\/2015\/05\/DSC_0065-1024x681-845x681.jpg 845w\" sizes=\"(max-width: 495px) 100vw, 495px\" \/><\/a><div class='grid-content'><div class='avia-arrow'><\/div><header class=\"entry-content-header\"><h3 class='grid-entry-title entry-title '  itemprop=\"headline\" ><a href='https:\/\/www.peteroehen.ch\/?portfolio=ausgebaute-scheune' title='Ausgebaute Scheune'>Ausgebaute Scheune<\/a><\/h3><\/header><\/div><footer class=\"entry-footer\"><\/footer><\/article><\/div><div data-ajax-id='3403' class=' grid-entry flex_column isotope-item all_sort no_margin post-entry post-entry-3403 grid-entry-overview grid-loop-6 grid-parity-even   av_one_third  default_av_fullwidth '><article class='main_color inner-entry'  itemscope=\"itemscope\" itemtype=\"https:\/\/schema.org\/CreativeWork\" ><a href='https:\/\/www.peteroehen.ch\/?portfolio=jaegerstuebli' title='J\u00e4gerst\u00fcbli'  data-rel='grid-1' class='grid-image avia-hover-fx'> <img decoding=\"async\" width=\"495\" height=\"400\" src=\"https:\/\/www.peteroehen.ch\/wp-content\/uploads\/2015\/05\/DSC_0096-1024x681-495x400.jpg\" class=\"wp-image-3408 avia-img-lazy-loading-not-3408 attachment-portfolio size-portfolio wp-post-image\" alt=\"\" srcset=\"https:\/\/www.peteroehen.ch\/wp-content\/uploads\/2015\/05\/DSC_0096-1024x681-495x400.jpg 495w, https:\/\/www.peteroehen.ch\/wp-content\/uploads\/2015\/05\/DSC_0096-1024x681-845x681.jpg 845w\" sizes=\"(max-width: 495px) 100vw, 495px\" \/><\/a><div class='grid-content'><div class='avia-arrow'><\/div><header class=\"entry-content-header\"><h3 class='grid-entry-title entry-title '  itemprop=\"headline\" ><a href='https:\/\/www.peteroehen.ch\/?portfolio=jaegerstuebli' title='J\u00e4gerst\u00fcbli'>J\u00e4gerst\u00fcbli<\/a><\/h3><\/header><\/div><footer class=\"entry-footer\"><\/footer><\/article><\/div><div data-ajax-id='3367' class=' grid-entry flex_column isotope-item all_sort no_margin post-entry post-entry-3367 grid-entry-overview grid-loop-7 grid-parity-odd   av_one_third first default_av_fullwidth '><article class='main_color inner-entry'  itemscope=\"itemscope\" itemtype=\"https:\/\/schema.org\/CreativeWork\" ><a href='https:\/\/www.peteroehen.ch\/?portfolio=vordachvergroesserung-bei-pferdestall' title='Vordachvergr\u00f6sserung bei Pferdestall'  data-rel='grid-1' class='grid-image avia-hover-fx'> <img decoding=\"async\" width=\"495\" height=\"400\" src=\"https:\/\/www.peteroehen.ch\/wp-content\/uploads\/2015\/05\/DSC_0029-1024x681-495x400.jpg\" class=\"wp-image-3371 avia-img-lazy-loading-not-3371 attachment-portfolio size-portfolio wp-post-image\" alt=\"\" srcset=\"https:\/\/www.peteroehen.ch\/wp-content\/uploads\/2015\/05\/DSC_0029-1024x681-495x400.jpg 495w, https:\/\/www.peteroehen.ch\/wp-content\/uploads\/2015\/05\/DSC_0029-1024x681-845x681.jpg 845w\" sizes=\"(max-width: 495px) 100vw, 495px\" \/><\/a><div class='grid-content'><div class='avia-arrow'><\/div><header class=\"entry-content-header\"><h3 class='grid-entry-title entry-title '  itemprop=\"headline\" ><a href='https:\/\/www.peteroehen.ch\/?portfolio=vordachvergroesserung-bei-pferdestall' title='Vordachvergr\u00f6sserung bei Pferdestall'>Vordachvergr\u00f6sserung bei Pferdestall<\/a><\/h3><\/header><\/div><footer class=\"entry-footer\"><\/footer><\/article><\/div><div data-ajax-id='3344' class=' grid-entry flex_column isotope-item all_sort no_margin post-entry post-entry-3344 grid-entry-overview grid-loop-8 grid-parity-even   av_one_third  default_av_fullwidth '><article class='main_color inner-entry'  itemscope=\"itemscope\" itemtype=\"https:\/\/schema.org\/CreativeWork\" ><a href='https:\/\/www.peteroehen.ch\/?portfolio=degustationsraum' title='Degustationsraum'  data-rel='grid-1' class='grid-image avia-hover-fx'> <img decoding=\"async\" width=\"495\" height=\"400\" src=\"https:\/\/www.peteroehen.ch\/wp-content\/uploads\/2015\/05\/slider5-495x400.png\" class=\"wp-image-3340 avia-img-lazy-loading-not-3340 attachment-portfolio size-portfolio wp-post-image\" alt=\"\" \/><\/a><div class='grid-content'><div class='avia-arrow'><\/div><header class=\"entry-content-header\"><h3 class='grid-entry-title entry-title '  itemprop=\"headline\" ><a href='https:\/\/www.peteroehen.ch\/?portfolio=degustationsraum' title='Degustationsraum'>Degustationsraum<\/a><\/h3><\/header><\/div><footer class=\"entry-footer\"><\/footer><\/article><\/div><div data-ajax-id='3343' class=' grid-entry flex_column isotope-item all_sort no_margin post-entry post-entry-3343 grid-entry-overview grid-loop-9 grid-parity-odd   av_one_third  default_av_fullwidth '><article class='main_color inner-entry'  itemscope=\"itemscope\" itemtype=\"https:\/\/schema.org\/CreativeWork\" ><a href='https:\/\/www.peteroehen.ch\/?portfolio=reigelhaus' title='Riegelhaus'  data-rel='grid-1' class='grid-image avia-hover-fx'> <img decoding=\"async\" width=\"495\" height=\"400\" src=\"https:\/\/www.peteroehen.ch\/wp-content\/uploads\/2015\/05\/slider1-495x400.png\" class=\"wp-image-3230 avia-img-lazy-loading-not-3230 attachment-portfolio size-portfolio wp-post-image\" alt=\"\" \/><\/a><div class='grid-content'><div class='avia-arrow'><\/div><header class=\"entry-content-header\"><h3 class='grid-entry-title entry-title '  itemprop=\"headline\" ><a href='https:\/\/www.peteroehen.ch\/?portfolio=reigelhaus' title='Riegelhaus'>Riegelhaus<\/a><\/h3><\/header><\/div><footer class=\"entry-footer\"><\/footer><\/article><\/div><div data-ajax-id='3236' class=' grid-entry flex_column isotope-item all_sort no_margin post-entry post-entry-3236 grid-entry-overview grid-loop-10 grid-parity-even  post-entry-last   av_one_third first default_av_fullwidth '><article class='main_color inner-entry'  itemscope=\"itemscope\" itemtype=\"https:\/\/schema.org\/CreativeWork\" ><a href='https:\/\/www.peteroehen.ch\/?portfolio=oekonokiegebaeude' title='Oekonomiegeb\u00e4ude'  data-rel='grid-1' class='grid-image avia-hover-fx'> <img decoding=\"async\" width=\"495\" height=\"400\" src=\"https:\/\/www.peteroehen.ch\/wp-content\/uploads\/2015\/05\/slider3-495x400.png\" class=\"wp-image-3233 avia-img-lazy-loading-not-3233 attachment-portfolio size-portfolio wp-post-image\" alt=\"\" \/><\/a><div class='grid-content'><div class='avia-arrow'><\/div><header class=\"entry-content-header\"><h3 class='grid-entry-title entry-title '  itemprop=\"headline\" ><a href='https:\/\/www.peteroehen.ch\/?portfolio=oekonokiegebaeude' title='Oekonomiegeb\u00e4ude'>Oekonomiegeb\u00e4ude<\/a><\/h3><\/header><\/div><footer class=\"entry-footer\"><\/footer><\/article><\/div><\/div><\/div>   <!--   class=\"av-portfolio-grid-sorting-container\"  -->\n","protected":false},"excerpt":{"rendered":"","protected":false},"author":1,"featured_media":0,"parent":0,"menu_order":4,"comment_status":"closed","ping_status":"closed","template":"","meta":{"footnotes":""},"class_list":["post-3444","page","type-page","status-publish","hentry"],"_links":{"self":[{"href":"https:\/\/www.peteroehen.ch\/index.php?rest_route=\/wp\/v2\/pages\/3444","targetHints":{"allow":["GET"]}}],"collection":[{"href":"https:\/\/www.peteroehen.ch\/index.php?rest_route=\/wp\/v2\/pages"}],"about":[{"href":"https:\/\/www.peteroehen.ch\/index.php?rest_route=\/wp\/v2\/types\/page"}],"author":[{"embeddable":true,"href":"https:\/\/www.peteroehen.ch\/index.php?rest_route=\/wp\/v2\/users\/1"}],"replies":[{"embeddable":true,"href":"https:\/\/www.peteroehen.ch\/index.php?rest_route=%2Fwp%2Fv2%2Fcomments&post=3444"}],"version-history":[{"count":2,"href":"https:\/\/www.peteroehen.ch\/index.php?rest_route=\/wp\/v2\/pages\/3444\/revisions"}],"predecessor-version":[{"id":3514,"href":"https:\/\/www.peteroehen.ch\/index.php?rest_route=\/wp\/v2\/pages\/3444\/revisions\/3514"}],"wp:attachment":[{"href":"https:\/\/www.peteroehen.ch\/index.php?rest_route=%2Fwp%2Fv2%2Fmedia&parent=3444"}],"curies":[{"name":"wp","href":"https:\/\/api.w.org\/{rel}","templated":true}]}}