{"id":3804,"date":"2015-10-15T11:45:17","date_gmt":"2015-10-15T09:45:17","guid":{"rendered":"http:\/\/www.peteroehen.ch\/?page_id=3804"},"modified":"2015-10-15T13:40:17","modified_gmt":"2015-10-15T11:40:17","slug":"moebel","status":"publish","type":"page","link":"https:\/\/www.peteroehen.ch\/?page_id=3804","title":{"rendered":"M\u00f6bel"},"content":{"rendered":"<div  style='padding-bottom:10px; ' class='av-special-heading av-special-heading-h3    avia-builder-el-0  el_before_av_iconlist  avia-builder-el-first  '><h3 class='av-special-heading-tag '  itemprop=\"headline\"  >M\u00f6bel und Dekorationsartikel aus Altholz:<\/h3><div class='special-heading-border'><div class='special-heading-inner-border' ><\/div><\/div><\/div>\n<div  class='avia-icon-list-container   avia-builder-el-1  el_after_av_heading  el_before_av_heading '><ul class='avia-icon-list avia-icon-list-left av-iconlist-big avia_animate_when_almost_visible avia-iconlist-animate'>\n<li><div  class='iconlist_icon  avia-font-entypo-fontello'><span class='iconlist-char ' aria-hidden='true' data-av_icon='\ue82b' data-av_iconfont='entypo-fontello'><\/span><\/div><article class=\"article-icon-entry av-iconlist-empty\"  itemscope=\"itemscope\" itemtype=\"https:\/\/schema.org\/CreativeWork\" ><div class='iconlist_content_wrap'><header class=\"entry-content-header\"><h4 class='av_iconlist_title iconlist_title   '  itemprop=\"headline\"  >Einzel-Anfertigung von M\u00f6belst\u00fccken auf Kundenwunsch<\/h4><\/header><div class='iconlist_content  '  itemprop=\"text\"  ><\/div><\/div><footer class=\"entry-footer\"><\/footer><\/article><div class='iconlist-timeline'><\/div><\/li>\n<li><div  class='iconlist_icon  avia-font-entypo-fontello'><span class='iconlist-char ' aria-hidden='true' data-av_icon='\ue859' data-av_iconfont='entypo-fontello'><\/span><\/div><article class=\"article-icon-entry \"  itemscope=\"itemscope\" itemtype=\"https:\/\/schema.org\/CreativeWork\" ><div class='iconlist_content_wrap'><header class=\"entry-content-header\"><h4 class='av_iconlist_title iconlist_title   '  itemprop=\"headline\"  >Die M\u00f6bel und Dekorationsartikel gem\u00e4ss Fotos k\u00f6nnen ab Lager geliefert werden <\/h4><\/header><div class='iconlist_content  '  itemprop=\"text\"  ><p>Preise auf Anfrage<\/p>\n<\/div><\/div><footer class=\"entry-footer\"><\/footer><\/article><div class='iconlist-timeline'><\/div><\/li>\n<\/ul><\/div>\n<div  style='padding-bottom:10px; ' class='av-special-heading av-special-heading-h3    avia-builder-el-2  el_after_av_iconlist  el_before_av_textblock  '><h3 class='av-special-heading-tag '  itemprop=\"headline\"  >Bett<\/h3><div class='special-heading-border'><div class='special-heading-inner-border' ><\/div><\/div><\/div>\n<section class=\"av_textblock_section \"  itemscope=\"itemscope\" itemtype=\"https:\/\/schema.org\/CreativeWork\" ><div class='avia_textblock  '   itemprop=\"text\" ><p><a href=\"https:\/\/www.peteroehen.ch\/wp-content\/uploads\/2015\/10\/Bett.jpg\"><img loading=\"lazy\" decoding=\"async\" class=\"alignnone wp-image-3807 size-medium\" src=\"https:\/\/www.peteroehen.ch\/wp-content\/uploads\/2015\/10\/Bett-300x225.jpg\" alt=\"Bett\" width=\"300\" height=\"225\" srcset=\"https:\/\/www.peteroehen.ch\/wp-content\/uploads\/2015\/10\/Bett-300x225.jpg 300w, https:\/\/www.peteroehen.ch\/wp-content\/uploads\/2015\/10\/Bett-450x338.jpg 450w, https:\/\/www.peteroehen.ch\/wp-content\/uploads\/2015\/10\/Bett.jpg 640w\" sizes=\"auto, (max-width: 300px) 100vw, 300px\" \/><\/a><\/p>\n<\/div><\/section>\n<div  style='padding-bottom:10px; ' class='av-special-heading av-special-heading-h3    avia-builder-el-4  el_after_av_textblock  el_before_av_textblock  '><h3 class='av-special-heading-tag '  itemprop=\"headline\"  >Tisch<\/h3><div class='special-heading-border'><div class='special-heading-inner-border' ><\/div><\/div><\/div>\n<section class=\"av_textblock_section \"  itemscope=\"itemscope\" itemtype=\"https:\/\/schema.org\/CreativeWork\" ><div class='avia_textblock  '   itemprop=\"text\" ><p><a href=\"https:\/\/www.peteroehen.ch\/wp-content\/uploads\/2015\/10\/Tisch.jpg\"><img loading=\"lazy\" decoding=\"async\" class=\"alignnone wp-image-3809 size-medium\" src=\"https:\/\/www.peteroehen.ch\/wp-content\/uploads\/2015\/10\/Tisch-300x225.jpg\" alt=\"Tisch\" width=\"300\" height=\"225\" srcset=\"https:\/\/www.peteroehen.ch\/wp-content\/uploads\/2015\/10\/Tisch-300x225.jpg 300w, https:\/\/www.peteroehen.ch\/wp-content\/uploads\/2015\/10\/Tisch-450x338.jpg 450w, https:\/\/www.peteroehen.ch\/wp-content\/uploads\/2015\/10\/Tisch.jpg 640w\" sizes=\"auto, (max-width: 300px) 100vw, 300px\" \/><\/a><\/p>\n<\/div><\/section>\n<div  style='padding-bottom:10px; ' class='av-special-heading av-special-heading-h3    avia-builder-el-6  el_after_av_textblock  el_before_av_textblock  '><h3 class='av-special-heading-tag '  itemprop=\"headline\"  >St\u00e4nder<\/h3><div class='special-heading-border'><div class='special-heading-inner-border' ><\/div><\/div><\/div>\n<section class=\"av_textblock_section \"  itemscope=\"itemscope\" itemtype=\"https:\/\/schema.org\/CreativeWork\" ><div class='avia_textblock  '   itemprop=\"text\" ><p><a href=\"https:\/\/www.peteroehen.ch\/wp-content\/uploads\/2015\/10\/Staender-e1444905629697.jpg\"><img loading=\"lazy\" decoding=\"async\" class=\"alignnone wp-image-3811 size-medium\" src=\"https:\/\/www.peteroehen.ch\/wp-content\/uploads\/2015\/10\/Staender-e1444905629697-225x300.jpg\" alt=\"Staender\" width=\"225\" height=\"300\" srcset=\"https:\/\/www.peteroehen.ch\/wp-content\/uploads\/2015\/10\/Staender-e1444905629697-225x300.jpg 225w, https:\/\/www.peteroehen.ch\/wp-content\/uploads\/2015\/10\/Staender-e1444905629697-450x600.jpg 450w, https:\/\/www.peteroehen.ch\/wp-content\/uploads\/2015\/10\/Staender-e1444905629697.jpg 480w\" sizes=\"auto, (max-width: 225px) 100vw, 225px\" \/><\/a><\/p>\n<\/div><\/section>\n<div  style='padding-bottom:10px; ' class='av-special-heading av-special-heading-h3    avia-builder-el-8  el_after_av_textblock  el_before_av_textblock  '><h3 class='av-special-heading-tag '  itemprop=\"headline\"  >Rahmen<\/h3><div class='special-heading-border'><div class='special-heading-inner-border' ><\/div><\/div><\/div>\n<section class=\"av_textblock_section \"  itemscope=\"itemscope\" itemtype=\"https:\/\/schema.org\/CreativeWork\" ><div class='avia_textblock  '   itemprop=\"text\" ><p><a href=\"https:\/\/www.peteroehen.ch\/wp-content\/uploads\/2015\/10\/Rahmen-e1444905609937.jpg\"><img loading=\"lazy\" decoding=\"async\" class=\"alignnone wp-image-3810 size-medium\" src=\"https:\/\/www.peteroehen.ch\/wp-content\/uploads\/2015\/10\/Rahmen-e1444905609937-225x300.jpg\" alt=\"Rahmen\" width=\"225\" height=\"300\" srcset=\"https:\/\/www.peteroehen.ch\/wp-content\/uploads\/2015\/10\/Rahmen-e1444905609937-225x300.jpg 225w, https:\/\/www.peteroehen.ch\/wp-content\/uploads\/2015\/10\/Rahmen-e1444905609937-450x600.jpg 450w, https:\/\/www.peteroehen.ch\/wp-content\/uploads\/2015\/10\/Rahmen-e1444905609937.jpg 480w\" sizes=\"auto, (max-width: 225px) 100vw, 225px\" \/><\/a><\/p>\n<\/div><\/section>\n","protected":false},"excerpt":{"rendered":"","protected":false},"author":1,"featured_media":0,"parent":0,"menu_order":0,"comment_status":"closed","ping_status":"closed","template":"","meta":{"footnotes":""},"class_list":["post-3804","page","type-page","status-publish","hentry"],"_links":{"self":[{"href":"https:\/\/www.peteroehen.ch\/index.php?rest_route=\/wp\/v2\/pages\/3804","targetHints":{"allow":["GET"]}}],"collection":[{"href":"https:\/\/www.peteroehen.ch\/index.php?rest_route=\/wp\/v2\/pages"}],"about":[{"href":"https:\/\/www.peteroehen.ch\/index.php?rest_route=\/wp\/v2\/types\/page"}],"author":[{"embeddable":true,"href":"https:\/\/www.peteroehen.ch\/index.php?rest_route=\/wp\/v2\/users\/1"}],"replies":[{"embeddable":true,"href":"https:\/\/www.peteroehen.ch\/index.php?rest_route=%2Fwp%2Fv2%2Fcomments&post=3804"}],"version-history":[{"count":35,"href":"https:\/\/www.peteroehen.ch\/index.php?rest_route=\/wp\/v2\/pages\/3804\/revisions"}],"predecessor-version":[{"id":3844,"href":"https:\/\/www.peteroehen.ch\/index.php?rest_route=\/wp\/v2\/pages\/3804\/revisions\/3844"}],"wp:attachment":[{"href":"https:\/\/www.peteroehen.ch\/index.php?rest_route=%2Fwp%2Fv2%2Fmedia&parent=3804"}],"curies":[{"name":"wp","href":"https:\/\/api.w.org\/{rel}","templated":true}]}}